{"id":137,"date":"2018-04-05T14:35:32","date_gmt":"2018-04-05T13:35:32","guid":{"rendered":"http:\/\/www.agenturapomoci.cz\/?page_id=137"},"modified":"2020-04-02T14:06:26","modified_gmt":"2020-04-02T13:06:26","slug":"provozni-hodiny","status":"publish","type":"page","link":"https:\/\/www.agenturapomoci.cz\/?page_id=137","title":{"rendered":"Provozn\u00ed Hodiny"},"content":{"rendered":"<p>Po &#8211; 8:00 \u2194 16:30<\/p>\n<p>\u00dat &#8211; Mimo kancel\u00e1\u0159<\/p>\n<p>St &#8211; 8:00 \u2194 16:30<\/p>\n<p>\u010ct &#8211; Mimo kancel\u00e1\u0159<\/p>\n<p>P\u00e1 &#8211;\u00a0 Mimo kancel\u00e1\u0159<\/p>\n<p>Pracovn\u00edci organizace maj\u00ed nerovnom\u011brn\u011b rozvr\u017eenou pracovn\u00ed dobu, k n\u00e1v\u0161t\u011bv\u011b je nutn\u00e9 se p\u0159edem domluvit. Telefon a e-mail jsou uvedeny <a href=\"http:\/\/www.agenturapomoci.cz\/?page_id=28\">ZDE<\/a>.<\/p>\n<p>&nbsp;<\/p>\n","protected":false},"excerpt":{"rendered":"<p>Po &#8211; 8:00 \u2194 16:30 \u00dat &#8211; Mimo kancel\u00e1\u0159 St &#8211; 8:00 \u2194 16:30 \u010ct &#8211; Mimo kancel\u00e1\u0159 P\u00e1 &#8211;\u00a0 Mimo kancel\u00e1\u0159 Pracovn\u00edci organizace maj\u00ed nerovnom\u011brn\u011b rozvr\u017eenou pracovn\u00ed dobu, k n\u00e1v\u0161t\u011bv\u011b je nutn\u00e9 se p\u0159edem domluvit. Telefon a e-mail jsou uvedeny ZDE. &nbsp;<\/p>\n","protected":false},"author":1,"featured_media":0,"parent":0,"menu_order":0,"comment_status":"closed","ping_status":"closed","template":"","meta":{"footnotes":""},"class_list":["post-137","page","type-page","status-publish","hentry","post-preview"],"_links":{"self":[{"href":"https:\/\/www.agenturapomoci.cz\/index.php?rest_route=\/wp\/v2\/pages\/137","targetHints":{"allow":["GET"]}}],"collection":[{"href":"https:\/\/www.agenturapomoci.cz\/index.php?rest_route=\/wp\/v2\/pages"}],"about":[{"href":"https:\/\/www.agenturapomoci.cz\/index.php?rest_route=\/wp\/v2\/types\/page"}],"author":[{"embeddable":true,"href":"https:\/\/www.agenturapomoci.cz\/index.php?rest_route=\/wp\/v2\/users\/1"}],"replies":[{"embeddable":true,"href":"https:\/\/www.agenturapomoci.cz\/index.php?rest_route=%2Fwp%2Fv2%2Fcomments&post=137"}],"version-history":[{"count":12,"href":"https:\/\/www.agenturapomoci.cz\/index.php?rest_route=\/wp\/v2\/pages\/137\/revisions"}],"predecessor-version":[{"id":292,"href":"https:\/\/www.agenturapomoci.cz\/index.php?rest_route=\/wp\/v2\/pages\/137\/revisions\/292"}],"wp:attachment":[{"href":"https:\/\/www.agenturapomoci.cz\/index.php?rest_route=%2Fwp%2Fv2%2Fmedia&parent=137"}],"curies":[{"name":"wp","href":"https:\/\/api.w.org\/{rel}","templated":true}]}}