{"id":191,"date":"2018-11-01T16:04:18","date_gmt":"2018-11-01T15:04:18","guid":{"rendered":"http:\/\/www.agenturapomoci.cz\/?page_id=191"},"modified":"2023-01-20T04:28:06","modified_gmt":"2023-01-20T02:28:06","slug":"o-nas","status":"publish","type":"page","link":"https:\/\/www.agenturapomoci.cz\/?page_id=191","title":{"rendered":"O n\u00e1s"},"content":{"rendered":"<p><b>Vize organizace<\/b><\/p>\n<p>Chceme, aby se \u0161\u00ed\u0159ilo dobr\u00e9 jm\u00e9no na\u0161\u00ed organizace a aby si n\u00e1s i v budoucnu z\u00e1jemci o soci\u00e1ln\u00ed slu\u017ebu vybrali pro p\u00e9\u010di o sebe. Na\u0161\u00ed snahou je zvy\u0161ovat spokojenost klient\u016f perfektn\u00edm v\u00fdkonem slu\u017eby Osobn\u00ed asistence. Chceme aby na\u0161e slu\u017eba poskytovala klient\u016fm pocit bezpe\u010d\u00ed, nad\u011bje, soun\u00e1le\u017eitosti a mo\u017enosti prodlou\u017eit setrv\u00e1n\u00ed klienta v dom\u00e1c\u00edm prost\u0159ed\u00ed.<\/p>\n<p><b>Posl\u00e1n\u00ed organizace<\/b><\/p>\n<p>Na\u0161im posl\u00e1n\u00edm je vhodn\u011b poskytovat pomoc \u010dlov\u011bku, kter\u00fd se nach\u00e1z\u00ed v n\u011bjak\u00e9 nep\u0159\u00edzniv\u00e9 soci\u00e1ln\u00ed situaci formou slu\u017eby Osobn\u00ed asistence.<\/p>\n<p><b>Hodnoty organizace<\/b><\/p>\n<p><b>Motto:,,Staraj\u00edc\u00ed se o \u0161t\u011bst\u00ed druh\u00fdch, nach\u00e1z\u00edme sv\u00e9 vlastn\u00ed\u201c<\/b><\/p>\n<p><b>,,I lid\u00e9 s\u00a0handicapem mohou plnohodnotn\u011b \u017e\u00edt\u201c<\/b><\/p>\n<p>&nbsp;<\/p>\n<p>&nbsp;<\/p>\n<p><b>Respekt a \u00facta ke ka\u017ed\u00e9mu jedinci:<\/b> N\u00e1le\u017e\u00ed ka\u017ed\u00e9mu, bez p\u0159edsudk\u016f<\/p>\n<p><b>Otev\u0159enost: <\/b><span style=\"font-weight: 400;\">Jsme otev\u0159eni nov\u00fdm v\u011bcem, p\u0159\u00edle\u017eitostem a dialog\u016fm. Jsme naslouchaj\u00edc\u00ed a st\u00e1le se vzd\u011bl\u00e1vaj\u00edc\u00ed.<\/span><\/p>\n<p><b>Soun\u00e1le\u017eitost:<\/b><span style=\"font-weight: 400;\"> Spolu s\u00a0druh\u00fdmi a pro druh\u00e9, spole\u010dn\u011b aktivn\u011b pro\u017e\u00edt dal\u0161\u00ed hodiny a dny. Pro\u017e\u00edv\u00e1me spole\u010dn\u011b s\u00a0klienty radost i smutek, nad\u011bje i obavy, vd\u011bk i beznad\u011bj.<\/span><\/p>\n<p><b>Nad\u0161en\u00ed:<\/b><span style=\"font-weight: 400;\"> Dok\u00e1\u017eeme pracovat s\u00a0nad\u0161en\u00edm a chut\u00ed. D\u00e1v\u00e1me do \u010dinnost\u00ed sv\u00e9 srdce.\u00a0<\/span><\/p>\n<p><b>Odhodlanost:<\/b><span style=\"font-weight: 400;\"> Kr\u016f\u010dek po kr\u016f\u010dku vytv\u00e1\u0159\u00edme obraz sv\u011bta, jak\u00fdm ho chceme m\u00edt. Posouv\u00e1me si hranice sv\u00e9ho j\u00e1.<\/span><\/p>\n<hr \/>\n<h2><strong>20 let organizace Agentury osobn\u00ed asistence a soci\u00e1ln\u00edho poradenstv\u00ed, o.p.s.<\/strong><img loading=\"lazy\" decoding=\"async\" class=\"alignright wp-image-378 size-full\" src=\"https:\/\/www.agenturapomoci.cz\/wp-content\/uploads\/2023\/01\/WhatsApp-Image-2023-01-18-at-14.05.47-e1674180888757.jpeg\" alt=\"\" width=\"1196\" height=\"1600\" srcset=\"https:\/\/www.agenturapomoci.cz\/wp-content\/uploads\/2023\/01\/WhatsApp-Image-2023-01-18-at-14.05.47-e1674180888757.jpeg 1196w, https:\/\/www.agenturapomoci.cz\/wp-content\/uploads\/2023\/01\/WhatsApp-Image-2023-01-18-at-14.05.47-e1674180888757-224x300.jpeg 224w, https:\/\/www.agenturapomoci.cz\/wp-content\/uploads\/2023\/01\/WhatsApp-Image-2023-01-18-at-14.05.47-e1674180888757-765x1024.jpeg 765w, https:\/\/www.agenturapomoci.cz\/wp-content\/uploads\/2023\/01\/WhatsApp-Image-2023-01-18-at-14.05.47-e1674180888757-768x1027.jpeg 768w, https:\/\/www.agenturapomoci.cz\/wp-content\/uploads\/2023\/01\/WhatsApp-Image-2023-01-18-at-14.05.47-e1674180888757-1148x1536.jpeg 1148w\" sizes=\"auto, (max-width: 1196px) 100vw, 1196px\" \/><\/h2>\n<p>&nbsp;<\/p>\n<p>&nbsp;<\/p>\n<p>&nbsp;<\/p>\n<p>&nbsp;<\/p>\n<p>&nbsp;<\/p>\n<p>&nbsp;<\/p>\n<p>&nbsp;<\/p>\n<p>&nbsp;<\/p>\n<p>&nbsp;<\/p>\n<p>&nbsp;<\/p>\n<p>&nbsp;<\/p>\n<p>&nbsp;<\/p>\n<p>&nbsp;<\/p>\n<p>&nbsp;<\/p>\n<p>&nbsp;<\/p>\n<p>&nbsp;<\/p>\n<p>&nbsp;<\/p>\n<p>&nbsp;<\/p>\n<hr \/>\n<p><strong>Na\u0161e tabule v jedn\u00e9 z v\u00fdloh.<\/strong><\/p>\n<p><img loading=\"lazy\" decoding=\"async\" class=\"alignright size-full wp-image-381\" src=\"https:\/\/www.agenturapomoci.cz\/wp-content\/uploads\/2023\/01\/RHOP.png\" alt=\"\" width=\"1496\" height=\"2000\" srcset=\"https:\/\/www.agenturapomoci.cz\/wp-content\/uploads\/2023\/01\/RHOP.png 1496w, https:\/\/www.agenturapomoci.cz\/wp-content\/uploads\/2023\/01\/RHOP-224x300.png 224w, https:\/\/www.agenturapomoci.cz\/wp-content\/uploads\/2023\/01\/RHOP-766x1024.png 766w, https:\/\/www.agenturapomoci.cz\/wp-content\/uploads\/2023\/01\/RHOP-768x1027.png 768w, https:\/\/www.agenturapomoci.cz\/wp-content\/uploads\/2023\/01\/RHOP-1149x1536.png 1149w\" sizes=\"auto, (max-width: 1496px) 100vw, 1496px\" \/><\/p>\n<p>&nbsp;<\/p>\n<p>&nbsp;<\/p>\n<p>&nbsp;<\/p>\n<p>&nbsp;<\/p>\n<p>&nbsp;<\/p>\n<p>&nbsp;<\/p>\n<p>&nbsp;<\/p>\n<p>&nbsp;<\/p>\n<p>&nbsp;<\/p>\n<p>&nbsp;<\/p>\n<p>&nbsp;<\/p>\n<p>&nbsp;<\/p>\n<p>&nbsp;<\/p>\n<p>&nbsp;<\/p>\n<p>&nbsp;<\/p>\n<p>&nbsp;<\/p>\n<p>&nbsp;<\/p>\n<p>&nbsp;<\/p>\n<p><img loading=\"lazy\" decoding=\"async\" class=\"alignright size-full wp-image-382\" src=\"https:\/\/www.agenturapomoci.cz\/wp-content\/uploads\/2023\/01\/WhatsApp-Image-2023-01-18-at-14.06.34.jpeg\" alt=\"\" width=\"1496\" height=\"2000\" srcset=\"https:\/\/www.agenturapomoci.cz\/wp-content\/uploads\/2023\/01\/WhatsApp-Image-2023-01-18-at-14.06.34.jpeg 1496w, https:\/\/www.agenturapomoci.cz\/wp-content\/uploads\/2023\/01\/WhatsApp-Image-2023-01-18-at-14.06.34-224x300.jpeg 224w, https:\/\/www.agenturapomoci.cz\/wp-content\/uploads\/2023\/01\/WhatsApp-Image-2023-01-18-at-14.06.34-766x1024.jpeg 766w, https:\/\/www.agenturapomoci.cz\/wp-content\/uploads\/2023\/01\/WhatsApp-Image-2023-01-18-at-14.06.34-768x1027.jpeg 768w, https:\/\/www.agenturapomoci.cz\/wp-content\/uploads\/2023\/01\/WhatsApp-Image-2023-01-18-at-14.06.34-1149x1536.jpeg 1149w\" sizes=\"auto, (max-width: 1496px) 100vw, 1496px\" \/><\/p>\n<hr \/>\n<p><strong>Pod\u011bkov\u00e1n\u00ed<\/strong><\/p>\n<p>Touto cestou bychom cht\u011bli pod\u011bkovat-my pracovn\u00edci v Agentu\u0159e osobn\u00ed asistence o.p.s. Sokolov za v\u0161echna prob\u011bhl\u00e1 akreditovan\u00e1 \u0161kolen\u00ed, kter\u00e1 byla sjedn\u00e1na a uskute\u010dn\u011bna p. <strong>Mgr. Helenou Pressfreund<\/strong>. Spolupracujeme ji\u017e n\u011bkolik let a p. Helenka je v\u017edy velice p\u0159\u00edjemn\u00e1, mil\u00e1 a vst\u0159\u00edcn\u00e1. \u0160kolen\u00ed jsou na velmi profesion\u00e1ln\u00ed \u00farovni, a\u0165 u\u017e p\u0159\u00edmo od p. Helenky nebo od n\u00ed sjednan\u00fdch \u0161kolitel\u016f. Jsme velice r\u00e1di za zat\u00edm prob\u011bhlou spolupr\u00e1ci. V\u017edy z\u00edsk\u00e1me nov\u00e9 informace, nebo opr\u00e1\u0161\u00edme dosavadn\u00ed. T\u011b\u0161\u00ed n\u00e1s p\u0159\u00edjemn\u00e1 atmosf\u00e9ra, pozitivn\u00ed my\u0161len\u00ed i zp\u016fsob p\u0159ed\u00e1v\u00e1n\u00ed a upev\u0148ov\u00e1n\u00ed informac\u00ed. Informace si mnohdy m\u016f\u017eeme na m\u00edst\u011b i ov\u011b\u0159it prax\u00ed, a to je \u00fapln\u011b nejlep\u0161\u00ed zp\u016fsob v\u00fduky. Tak\u00e9 se \u00fa\u010dastn\u00edci neboj\u00ed zapojit do nastaven\u00e9 podn\u011btn\u00e9 diskuze, kde si i vz\u00e1jemn\u011b ov\u011b\u0159ujeme r\u016fzn\u00e9 druhy informac\u00ed. Prob\u011bhl\u00e1 \u0161kolen\u00ed jsou u\u017e na\u0161\u00edm dlouholet\u00fdm pl\u00e1nem do zapojen\u00ed k motivaci \u0161kol\u00edc\u00edch se pracovn\u00edk\u016f.<br \/>\n<strong>Je\u0161t\u011b jednou moc d\u011bkujeme a t\u011b\u0161\u00edme se na dal\u0161\u00ed spolupr\u00e1ci<\/strong>.<\/p>\n<p><strong>Dana Janurov\u00e1, \u0159editelka organizace<\/strong><br \/>\n<strong>Bc. Dana K\u00e1brtov\u00e1, vedouc\u00ed soci\u00e1ln\u00ed slu\u017eby<\/strong><br \/>\n<strong>a kolektiv pracovn\u00edk\u016f<\/strong><\/p>\n<hr \/>\n<p><strong>\u017d\u00edt doma i p\u0159es sv\u016fj \u0161patn\u00fd zdravotn\u00ed \u010di psychick\u00fd stav, aneb d\u016fstojn\u00e1<\/strong><br \/>\n<strong>pomoc s p\u00e9\u010d\u00ed nejen o st\u00e1rnouc\u00ed generaci na\u0161ich rodi\u010d\u016f<\/strong><br \/>\nKa\u017ed\u00fd z n\u00e1s se jednou bude d\u0159\u00edve \u010di pozd\u011bji pot\u00fdkat se sn\u00ed\u017eenou sob\u011bsta\u010dnost\u00ed a\u0165 u\u017e u sebe nebo u n\u011bkoho ve sv\u00e9m okol\u00ed. Nejl\u00e9pe je zjistit, zda \u010dlov\u011bk, kter\u00fd je odk\u00e1z\u00e1n na pomoc v p\u00e9\u010di o svou osobu, m\u016f\u017ee a chce \u017e\u00edt doma co nejd\u00e9le a m\u00edt jak\u00fdsi v uvozovk\u00e1ch plnohodnotn\u00fd \u017eivot, jak\u00fd m\u011bl v d\u0159\u00edv\u011bj\u0161\u00edm \u017eivotn\u00edm obdob\u00ed.<br \/>\nV tomto \u010dase rozhodov\u00e1n\u00ed lid\u00e9 zva\u017euj\u00ed, zda je\u0161t\u011b v\u016fbec cht\u011bj\u00ed d\u00e1l proplouvat \u017eivotem. U mnoh\u00fdch p\u0159evl\u00e1d\u00e1 n\u00e1zor, \u017ee jsou u\u017e rodin\u011b na obt\u00ed\u017e a zda v\u016fbec m\u00e1 cenu \u017e\u00edt d\u00e1le, za ur\u010dit\u00fdch podm\u00ednek a p\u0159izp\u016fsoben\u00ed se jejich v\u011bkov\u00e9mu nebo zdravotn\u00edmu omezen\u00ed.<br \/>\nPro pe\u010duj\u00edc\u00ed osoby je mnohdy t\u011b\u017ek\u00e9 se p\u0159izp\u016fsobit r\u016fzn\u00fdm situac\u00edm, kdy doch\u00e1z\u00ed ke konflikt\u016fm a rozpor\u016fm jak ve vn\u011bj\u0161\u00edm prostoru v\u016f\u010di pe\u010dovan\u00e9 osob\u011b, tak i u vnit\u0159n\u00edho rozpolo\u017een\u00ed u pe\u010duj\u00edc\u00ed osoby. Odr\u00e1\u017e\u00ed se zoufalost nad osobou, o kterou pe\u010duj\u00ed, pocit nepochopen\u00ed, pocity nejistoty a tak\u00e9 v\u016fbec soun\u00e1le\u017eitosti s okol\u00edm. Pe\u010duj\u00edc\u00ed se setk\u00e1vaj\u00ed u sv\u00fdch bli\u017en\u00edch nejen s vd\u011bkem, \u00fasm\u011bvem, ale i s agres\u00ed, odm\u00edt\u00e1n\u00edm a obrann\u00fdmi mechanismy, kter\u00e9 \u010dlov\u011bka neposouvaj\u00ed vp\u0159ed.<br \/>\nPro tyto pot\u0159eby, a\u0165 u\u017e z hlediska z\u00e1kladn\u00edch pot\u0159eb \u010dlov\u011bka, tak i z hlediska mor\u00e1ln\u00edho a soci\u00e1ln\u00edho statutu, jsou v Karlovarsk\u00e9m kraji nab\u00edzeny slu\u017eby soci\u00e1ln\u00edho charakteru. Jednou z t\u011bchto slu\u017eeb je registrovan\u00e1 ter\u00e9nn\u00ed slu\u017eba &#8211; OSOBN\u00cd ASISTENCE.<br \/>\nSlu\u017ebu osobn\u00ed asistence v Karlovarsk\u00e9m kraji nab\u00edz\u00ed l\u00e9ty a prax\u00ed prov\u011b\u0159en\u00e1 Agentura osobn\u00ed asistence a soci\u00e1ln\u00edho poradenstv\u00ed o. p. s. v Sokolov\u011b. Ta se v\u011bnuje p\u00e9\u010di o \u010dlov\u011bka v dom\u00e1c\u00edm p\u0159irozen\u00e9m prost\u0159ed\u00ed. Osobn\u00ed asistenti pom\u00e1haj\u00ed nap\u0159. s hygienou, sebeobsluhou, n\u00e1kupy, pod\u00e1v\u00e1n\u00edm j\u00eddla a pit\u00ed, va\u0159en\u00edm. Tak\u00e9 doprov\u00e1z\u00ed osoby se sn\u00ed\u017eenou sob\u011bsta\u010dnost\u00ed k l\u00e9ka\u0159i, na \u00fa\u0159ady. Nebo naopak jsou u \u010dlov\u011bka upoutan\u00e9ho na l\u016f\u017eko a pom\u00e1haj\u00ed i se \u010dten\u00edm, psan\u00edm, myt\u00edm na l\u016f\u017eku atd. D\u016fle\u017eitou sou\u010d\u00e1st\u00ed osobn\u00ed asistence je um\u011bn\u00ed komunikovat, a\u0165 u\u017e s jedinci s posti\u017een\u00edm sluchu \u010di \u0159e\u010di. Tak\u00e9 nevidom\u00ed se st\u00e1vaj\u00ed klienty t\u00e9to soci\u00e1ln\u00ed slu\u017eby.<br \/>\nOsobn\u00ed asistenti &#8211; pracovn\u00edci v p\u0159\u00edm\u00e9 p\u00e9\u010di v\u017edy respektuj\u00ed d\u016fstojnost ka\u017ed\u00e9ho \u010dlov\u011bka. Ka\u017ed\u00fd klient m\u00e1 sv\u016fj \u010das, ve kter\u00e9m se konaj\u00ed tzv. \u00fakony p\u00e9\u010de o jeho osobu. \u00dakony se uskute\u010d\u0148uj\u00ed na m\u00edst\u011b ur\u010den\u00e9m klientem.<br \/>\nLaicky m\u016f\u017eeme \u0159\u00edci, \u017ee pracovn\u00edci v p\u0159\u00edm\u00e9 p\u00e9\u010di-osobn\u00ed asistenti jsou prodlou\u017eenou rukou klienta. Dle vyj\u00e1d\u0159en\u00ed \u0159editelky organizace p. Dany Janurov\u00e9 a vedouc\u00ed soci\u00e1ln\u00ed slu\u017eby Bc. Dany K\u00e1brtov\u00e9 se v posledn\u00ed dob\u011b velice \u010dasto st\u00e1v\u00e1, \u017ee se o tuto problematiku zaj\u00edmaj\u00ed sp\u00ed\u0161e p\u0159\u00edbuzn\u00ed potencion\u00e1ln\u00edch klient\u016f ne\u017e klienti samotn\u00ed, kte\u0159\u00ed by uv\u00edtali mo\u017enost sv\u011b\u0159it do p\u00e9\u010de osobn\u00ed asistence sv\u00e9 bl\u00edzk\u00e9. Slu\u017ebu vyhled\u00e1vaj\u00ed i samotn\u00ed budouc\u00ed klienti. V\u00edtaj\u00ed individu\u00e1ln\u00ed a flexibiln\u00ed p\u0159\u00edstup k nim sam\u00fdm. Mo\u017enost rozhodov\u00e1n\u00ed s\u00e1m o sob\u011b je samoz\u0159ejmost\u00ed. Soci\u00e1ln\u00ed slu\u017eby se v dne\u0161n\u00ed dob\u011b pot\u00fdkaj\u00ed nejen s nedostatkem financ\u00ed, ale i s jin\u00fdmi dal\u0161\u00edmi probl\u00e9my. Jedn\u00edm z nich je nedostatek pracovn\u00edk\u016f v praxi a v\u016fle pom\u00e1hat, nedostatek empatie a porozum\u011bn\u00ed probl\u00e9m\u016fm st\u00e1\u0159\u00ed. St\u00e1v\u00e1 se, \u017ee rodina hodnot\u00ed slu\u017ebu z pozice pen\u011bz, a ne z toho, co kladn\u00e9ho to osob\u011b bl\u00edzk\u00e9 p\u0159in\u00e1\u0161\u00ed.<br \/>\nA co jin\u00e9ho dodat?<br \/>\nP\u0159\u00e1n\u00ed a poselstv\u00ed do budoucna. Snad jen, aby byli klienti spokojen\u00ed s p\u00e9\u010d\u00ed u v\u0161ech soci\u00e1ln\u00edch slu\u017eeb. V\u017edy jde o \u010dlov\u011bka samotn\u00e9ho a \u0159e\u0161en\u00ed nep\u0159\u00edzniv\u00e9 situace m\u016f\u017ee potkat ka\u017ed\u00e9ho z n\u00e1s.<\/p>\n<p>(\u010cl\u00e1nek kter\u00fd vy\u0161el v Krajsk\u00fdch listech 2\/2020)<\/p>\n","protected":false},"excerpt":{"rendered":"<p>Vize organizace Chceme, aby se \u0161\u00ed\u0159ilo dobr\u00e9 jm\u00e9no na\u0161\u00ed organizace a aby si n\u00e1s i v budoucnu z\u00e1jemci o soci\u00e1ln\u00ed slu\u017ebu vybrali pro p\u00e9\u010di o sebe. Na\u0161\u00ed snahou je zvy\u0161ovat spokojenost klient\u016f perfektn\u00edm v\u00fdkonem slu\u017eby Osobn\u00ed asistence. Chceme aby na\u0161e slu\u017eba poskytovala klient\u016fm pocit bezpe\u010d\u00ed, nad\u011bje, soun\u00e1le\u017eitosti a mo\u017enosti prodlou\u017eit setrv\u00e1n\u00ed klienta v dom\u00e1c\u00edm prost\u0159ed\u00ed. [&hellip;]<\/p>\n","protected":false},"author":1,"featured_media":0,"parent":0,"menu_order":0,"comment_status":"closed","ping_status":"closed","template":"","meta":{"footnotes":""},"class_list":["post-191","page","type-page","status-publish","hentry","post-preview"],"_links":{"self":[{"href":"https:\/\/www.agenturapomoci.cz\/index.php?rest_route=\/wp\/v2\/pages\/191","targetHints":{"allow":["GET"]}}],"collection":[{"href":"https:\/\/www.agenturapomoci.cz\/index.php?rest_route=\/wp\/v2\/pages"}],"about":[{"href":"https:\/\/www.agenturapomoci.cz\/index.php?rest_route=\/wp\/v2\/types\/page"}],"author":[{"embeddable":true,"href":"https:\/\/www.agenturapomoci.cz\/index.php?rest_route=\/wp\/v2\/users\/1"}],"replies":[{"embeddable":true,"href":"https:\/\/www.agenturapomoci.cz\/index.php?rest_route=%2Fwp%2Fv2%2Fcomments&post=191"}],"version-history":[{"count":8,"href":"https:\/\/www.agenturapomoci.cz\/index.php?rest_route=\/wp\/v2\/pages\/191\/revisions"}],"predecessor-version":[{"id":383,"href":"https:\/\/www.agenturapomoci.cz\/index.php?rest_route=\/wp\/v2\/pages\/191\/revisions\/383"}],"wp:attachment":[{"href":"https:\/\/www.agenturapomoci.cz\/index.php?rest_route=%2Fwp%2Fv2%2Fmedia&parent=191"}],"curies":[{"name":"wp","href":"https:\/\/api.w.org\/{rel}","templated":true}]}}