{"id":2,"date":"2017-05-22T07:57:10","date_gmt":"2017-05-22T07:57:10","guid":{"rendered":"http:\/\/www.agenturapomoci.cz\/?page_id=2"},"modified":"2024-01-03T16:54:10","modified_gmt":"2024-01-03T14:54:10","slug":"zkusebni-stranka","status":"publish","type":"page","link":"https:\/\/www.agenturapomoci.cz\/","title":{"rendered":""},"content":{"rendered":"<p>&nbsp;<\/p>\n<p style=\"text-align: center;\"><img loading=\"lazy\" decoding=\"async\" class=\"size-medium wp-image-4 aligncenter\" src=\"http:\/\/www.agenturapomoci.cz\/wp-content\/uploads\/2017\/05\/LoGo-jpg-300x175.jpg\" alt=\"\" width=\"300\" height=\"175\" srcset=\"https:\/\/www.agenturapomoci.cz\/wp-content\/uploads\/2017\/05\/LoGo-jpg-300x175.jpg 300w, https:\/\/www.agenturapomoci.cz\/wp-content\/uploads\/2017\/05\/LoGo-jpg.jpg 622w\" sizes=\"auto, (max-width: 300px) 100vw, 300px\" \/><\/p>\n<p style=\"text-align: center;\">Na\u0161e Motto<\/p>\n<p style=\"padding-left: 40px; text-align: center;\">\u201eStaraj\u00edc\u00ed se o \u0161t\u011bst\u00ed druh\u00fdch, nach\u00e1z\u00edme sv\u00e9 vlastn\u00ed.\u201d<\/p>\n<p style=\"padding-left: 40px; text-align: center;\">\u201eI lid\u00e9 s handicapem mohou plnohodnotn\u011b \u017e\u00edt.\u201d<\/p>\n<p style=\"text-align: center;\"><img loading=\"lazy\" decoding=\"async\" class=\"wp-image-276 aligncenter\" src=\"http:\/\/www.agenturapomoci.cz\/wp-content\/uploads\/2019\/10\/fotka1.jpg\" alt=\"\" width=\"468\" height=\"623\" srcset=\"https:\/\/www.agenturapomoci.cz\/wp-content\/uploads\/2019\/10\/fotka1.jpg 3120w, https:\/\/www.agenturapomoci.cz\/wp-content\/uploads\/2019\/10\/fotka1-225x300.jpg 225w, https:\/\/www.agenturapomoci.cz\/wp-content\/uploads\/2019\/10\/fotka1-768x1024.jpg 768w\" sizes=\"auto, (max-width: 468px) 100vw, 468px\" \/><\/p>\n<p style=\"text-align: center;\">\n","protected":false},"excerpt":{"rendered":"<p>&nbsp; Na\u0161e Motto \u201eStaraj\u00edc\u00ed se o \u0161t\u011bst\u00ed druh\u00fdch, nach\u00e1z\u00edme sv\u00e9 vlastn\u00ed.\u201d \u201eI lid\u00e9 s handicapem mohou plnohodnotn\u011b \u017e\u00edt.\u201d<\/p>\n","protected":false},"author":1,"featured_media":0,"parent":0,"menu_order":0,"comment_status":"closed","ping_status":"closed","template":"","meta":{"footnotes":""},"class_list":["post-2","page","type-page","status-publish","hentry","post-preview"],"_links":{"self":[{"href":"https:\/\/www.agenturapomoci.cz\/index.php?rest_route=\/wp\/v2\/pages\/2","targetHints":{"allow":["GET"]}}],"collection":[{"href":"https:\/\/www.agenturapomoci.cz\/index.php?rest_route=\/wp\/v2\/pages"}],"about":[{"href":"https:\/\/www.agenturapomoci.cz\/index.php?rest_route=\/wp\/v2\/types\/page"}],"author":[{"embeddable":true,"href":"https:\/\/www.agenturapomoci.cz\/index.php?rest_route=\/wp\/v2\/users\/1"}],"replies":[{"embeddable":true,"href":"https:\/\/www.agenturapomoci.cz\/index.php?rest_route=%2Fwp%2Fv2%2Fcomments&post=2"}],"version-history":[{"count":21,"href":"https:\/\/www.agenturapomoci.cz\/index.php?rest_route=\/wp\/v2\/pages\/2\/revisions"}],"predecessor-version":[{"id":426,"href":"https:\/\/www.agenturapomoci.cz\/index.php?rest_route=\/wp\/v2\/pages\/2\/revisions\/426"}],"wp:attachment":[{"href":"https:\/\/www.agenturapomoci.cz\/index.php?rest_route=%2Fwp%2Fv2%2Fmedia&parent=2"}],"curies":[{"name":"wp","href":"https:\/\/api.w.org\/{rel}","templated":true}]}}