{"id":26,"date":"2017-05-22T11:01:31","date_gmt":"2017-05-22T10:01:31","guid":{"rendered":"http:\/\/www.agenturapomoci.cz\/?page_id=26"},"modified":"2025-08-25T09:59:50","modified_gmt":"2025-08-25T07:59:50","slug":"dokumenty","status":"publish","type":"page","link":"https:\/\/www.agenturapomoci.cz\/?page_id=26","title":{"rendered":"Dokumenty"},"content":{"rendered":"<p style=\"padding-left: 40px; text-align: left;\"><strong>V\u00fdro\u010dn\u00ed zpr\u00e1vy:<\/strong><\/p>\n<p><a href=\"https:\/\/www.agenturapomoci.cz\/wp-content\/uploads\/2021\/11\/VYROCNI-ZPRAVA-2019.docx\">V\u00ddRO\u010cN\u00cd ZPR\u00c1VA 2019<\/a><\/p>\n<p><a href=\"https:\/\/www.agenturapomoci.cz\/wp-content\/uploads\/2021\/11\/VYROCNI-ZPRAVA-2020.docx\">V\u00ddRO\u010cN\u00cd ZPR\u00c1VA 2020<\/a><\/p>\n<p><a href=\"https:\/\/www.agenturapomoci.cz\/wp-content\/uploads\/2022\/07\/vyrocni-zprava-2021-2.docx\">V\u00ddRO\u010cN\u00cd ZPR\u00c1VA 2021<\/a><a href=\"https:\/\/www.agenturapomoci.cz\/wp-content\/uploads\/2022\/07\/vyrocni-zprava-2021-2.docx\"> -2<\/a><\/p>\n<p><a href=\"https:\/\/www.agenturapomoci.cz\/wp-content\/uploads\/2023\/03\/vyrocni-zprava-2022.docx\">V\u00ddRO\u010cN\u00cd ZPR\u00c1VA 2022<\/a><\/p>\n<p><a href=\"https:\/\/www.agenturapomoci.cz\/wp-content\/uploads\/2024\/06\/Vyrocni-zprava-za-rok-2023-2.pdf\">V\u00ddRO\u010cN\u00cd ZPR\u00c1VA 2023<\/a><\/p>\n<p><strong><a href=\"https:\/\/www.agenturapomoci.cz\/wp-content\/uploads\/2025\/08\/Vyrocni-zprava-za-rok-2024.pdf\">V\u00ddRO\u010cN\u00cd ZPR\u00c1VA 2024<\/a><\/strong><\/p>\n<p><strong>Pravidlo pro poskytov\u00e1n\u00ed osobn\u00ed asistence:<\/strong><\/p>\n<p><a href=\"https:\/\/www.agenturapomoci.cz\/wp-content\/uploads\/2025\/05\/Novy-na-2025-Popis-realizace-vcetne-popisu-materialniho-a-technickeho-zabezpeceni-poskytovani-socialni-sluzby.docx\">Popis realizace v\u010detn\u011b popisu materi\u00e1ln\u00edho a technick\u00e9ho zabezpe\u010den\u00ed poskytov\u00e1n\u00ed soci\u00e1ln\u00ed slu\u017eby<\/a><\/p>\n<p><strong>Rok 2020:<\/strong><\/p>\n<p><strong><a href=\"http:\/\/www.agenturapomoci.cz\/wp-content\/uploads\/2020\/08\/Na-str\u00e1nky.docx\">Rok 2020.<\/a><\/strong><\/p>\n","protected":false},"excerpt":{"rendered":"<p>V\u00fdro\u010dn\u00ed zpr\u00e1vy: V\u00ddRO\u010cN\u00cd ZPR\u00c1VA 2019 V\u00ddRO\u010cN\u00cd ZPR\u00c1VA 2020 V\u00ddRO\u010cN\u00cd ZPR\u00c1VA 2021 -2 V\u00ddRO\u010cN\u00cd ZPR\u00c1VA 2022 V\u00ddRO\u010cN\u00cd ZPR\u00c1VA 2023 V\u00ddRO\u010cN\u00cd ZPR\u00c1VA 2024 Pravidlo pro poskytov\u00e1n\u00ed osobn\u00ed asistence: Popis realizace v\u010detn\u011b popisu materi\u00e1ln\u00edho a technick\u00e9ho zabezpe\u010den\u00ed poskytov\u00e1n\u00ed soci\u00e1ln\u00ed slu\u017eby Rok 2020: Rok 2020.<\/p>\n","protected":false},"author":1,"featured_media":0,"parent":0,"menu_order":0,"comment_status":"closed","ping_status":"closed","template":"","meta":{"footnotes":""},"class_list":["post-26","page","type-page","status-publish","hentry","post-preview"],"_links":{"self":[{"href":"https:\/\/www.agenturapomoci.cz\/index.php?rest_route=\/wp\/v2\/pages\/26","targetHints":{"allow":["GET"]}}],"collection":[{"href":"https:\/\/www.agenturapomoci.cz\/index.php?rest_route=\/wp\/v2\/pages"}],"about":[{"href":"https:\/\/www.agenturapomoci.cz\/index.php?rest_route=\/wp\/v2\/types\/page"}],"author":[{"embeddable":true,"href":"https:\/\/www.agenturapomoci.cz\/index.php?rest_route=\/wp\/v2\/users\/1"}],"replies":[{"embeddable":true,"href":"https:\/\/www.agenturapomoci.cz\/index.php?rest_route=%2Fwp%2Fv2%2Fcomments&post=26"}],"version-history":[{"count":28,"href":"https:\/\/www.agenturapomoci.cz\/index.php?rest_route=\/wp\/v2\/pages\/26\/revisions"}],"predecessor-version":[{"id":505,"href":"https:\/\/www.agenturapomoci.cz\/index.php?rest_route=\/wp\/v2\/pages\/26\/revisions\/505"}],"wp:attachment":[{"href":"https:\/\/www.agenturapomoci.cz\/index.php?rest_route=%2Fwp%2Fv2%2Fmedia&parent=26"}],"curies":[{"name":"wp","href":"https:\/\/api.w.org\/{rel}","templated":true}]}}