{"id":28,"date":"2017-05-22T10:58:58","date_gmt":"2017-05-22T09:58:58","guid":{"rendered":"http:\/\/www.agenturapomoci.cz\/?page_id=28"},"modified":"2023-10-10T00:01:10","modified_gmt":"2023-10-09T22:01:10","slug":"kontakty","status":"publish","type":"page","link":"https:\/\/www.agenturapomoci.cz\/?page_id=28","title":{"rendered":"Kontakty"},"content":{"rendered":"<p style=\"text-align: center;\"><strong>\u0158editelka organizace: Bc.Dana K\u00e1brtov\u00e1, MBA<\/strong><\/p>\n<p style=\"text-align: center;\"><strong>Tel.: 352 600 588<\/strong><\/p>\n<p style=\"text-align: center;\"><strong>Mob.: 725 518 515<\/strong><\/p>\n<p style=\"text-align: center;\"><strong>e-mail: kabrtova.agentura@seznam.cz<\/strong><\/p>\n<hr \/>\n<p style=\"text-align: center;\"><strong>Vedouc\u00ed soci\u00e1ln\u00ed slu\u017eby: Dana Janurov\u00e1<\/strong><\/p>\n<p style=\"text-align: center;\"><strong>Tel.: 352 600 588<\/strong><\/p>\n<p style=\"text-align: center;\"><strong>Mob.: 724 295 610<\/strong><\/p>\n<p style=\"text-align: center;\"><strong>e-mail: djanurova@volny.cz<\/strong><\/p>\n<hr \/>\n<p style=\"text-align: center;\"><strong>Soci\u00e1ln\u00ed pracovnice: Bc. Jana Zoubkov\u00e1 Such\u00e1<\/strong><\/p>\n<p style=\"text-align: center;\"><strong>Tel.: 601 155 269<\/strong><\/p>\n","protected":false},"excerpt":{"rendered":"<p>\u0158editelka organizace: Bc.Dana K\u00e1brtov\u00e1, MBA Tel.: 352 600 588 Mob.: 725 518 515 e-mail: kabrtova.agentura@seznam.cz Vedouc\u00ed soci\u00e1ln\u00ed slu\u017eby: Dana Janurov\u00e1 Tel.: 352 600 588 Mob.: 724 295 610 e-mail: djanurova@volny.cz Soci\u00e1ln\u00ed pracovnice: Bc. Jana Zoubkov\u00e1 Such\u00e1 Tel.: 601 155 269<\/p>\n","protected":false},"author":1,"featured_media":0,"parent":0,"menu_order":0,"comment_status":"closed","ping_status":"closed","template":"","meta":{"footnotes":""},"class_list":["post-28","page","type-page","status-publish","hentry","post-preview"],"_links":{"self":[{"href":"https:\/\/www.agenturapomoci.cz\/index.php?rest_route=\/wp\/v2\/pages\/28","targetHints":{"allow":["GET"]}}],"collection":[{"href":"https:\/\/www.agenturapomoci.cz\/index.php?rest_route=\/wp\/v2\/pages"}],"about":[{"href":"https:\/\/www.agenturapomoci.cz\/index.php?rest_route=\/wp\/v2\/types\/page"}],"author":[{"embeddable":true,"href":"https:\/\/www.agenturapomoci.cz\/index.php?rest_route=\/wp\/v2\/users\/1"}],"replies":[{"embeddable":true,"href":"https:\/\/www.agenturapomoci.cz\/index.php?rest_route=%2Fwp%2Fv2%2Fcomments&post=28"}],"version-history":[{"count":20,"href":"https:\/\/www.agenturapomoci.cz\/index.php?rest_route=\/wp\/v2\/pages\/28\/revisions"}],"predecessor-version":[{"id":417,"href":"https:\/\/www.agenturapomoci.cz\/index.php?rest_route=\/wp\/v2\/pages\/28\/revisions\/417"}],"wp:attachment":[{"href":"https:\/\/www.agenturapomoci.cz\/index.php?rest_route=%2Fwp%2Fv2%2Fmedia&parent=28"}],"curies":[{"name":"wp","href":"https:\/\/api.w.org\/{rel}","templated":true}]}}