{"id":68,"date":"2017-06-16T09:17:20","date_gmt":"2017-06-16T08:17:20","guid":{"rendered":"http:\/\/www.agenturapomoci.cz\/?page_id=68"},"modified":"2023-03-19T13:52:58","modified_gmt":"2023-03-19T11:52:58","slug":"galerie","status":"publish","type":"page","link":"https:\/\/www.agenturapomoci.cz\/?page_id=68","title":{"rendered":"Galerie"},"content":{"rendered":"<h1>20 let organizace<\/h1>\n<p><iframe loading=\"lazy\" title=\"20 let agentury\" width=\"676\" height=\"380\" src=\"https:\/\/www.youtube.com\/embed\/pOA8FnPeyjo?feature=oembed\" frameborder=\"0\" allow=\"accelerometer; autoplay; clipboard-write; encrypted-media; gyroscope; picture-in-picture; web-share\" allowfullscreen><\/iframe><\/p>\n<hr \/>\n<p style=\"text-align: center;\"><img loading=\"lazy\" decoding=\"async\" class=\"size-medium wp-image-65 alignnone\" src=\"http:\/\/www.agenturapomoci.cz\/wp-content\/uploads\/2017\/06\/001-Photo-300x200.jpg\" alt=\"\" width=\"300\" height=\"200\" srcset=\"https:\/\/www.agenturapomoci.cz\/wp-content\/uploads\/2017\/06\/001-Photo-300x200.jpg 300w, https:\/\/www.agenturapomoci.cz\/wp-content\/uploads\/2017\/06\/001-Photo-768x512.jpg 768w, https:\/\/www.agenturapomoci.cz\/wp-content\/uploads\/2017\/06\/001-Photo-1024x683.jpg 1024w\" sizes=\"auto, (max-width: 300px) 100vw, 300px\" \/><img loading=\"lazy\" decoding=\"async\" class=\"alignnone size-medium wp-image-66\" src=\"http:\/\/www.agenturapomoci.cz\/wp-content\/uploads\/2017\/06\/002-Photo-300x200.jpg\" alt=\"\" width=\"300\" height=\"200\" srcset=\"https:\/\/www.agenturapomoci.cz\/wp-content\/uploads\/2017\/06\/002-Photo-300x200.jpg 300w, https:\/\/www.agenturapomoci.cz\/wp-content\/uploads\/2017\/06\/002-Photo-768x512.jpg 768w, https:\/\/www.agenturapomoci.cz\/wp-content\/uploads\/2017\/06\/002-Photo-1024x683.jpg 1024w\" sizes=\"auto, (max-width: 300px) 100vw, 300px\" \/><\/p>\n<p style=\"text-align: center;\"><strong>Pracovn\u00edci Agentury pomoci<\/strong><\/p>\n<hr \/>\n<p><img loading=\"lazy\" decoding=\"async\" class=\"size-medium wp-image-67 aligncenter\" src=\"http:\/\/www.agenturapomoci.cz\/wp-content\/uploads\/2017\/06\/003-Photo-300x200.jpg\" alt=\"\" width=\"300\" height=\"200\" srcset=\"https:\/\/www.agenturapomoci.cz\/wp-content\/uploads\/2017\/06\/003-Photo-300x200.jpg 300w, https:\/\/www.agenturapomoci.cz\/wp-content\/uploads\/2017\/06\/003-Photo-768x512.jpg 768w, https:\/\/www.agenturapomoci.cz\/wp-content\/uploads\/2017\/06\/003-Photo-1024x683.jpg 1024w\" sizes=\"auto, (max-width: 300px) 100vw, 300px\" \/><\/p>\n<p style=\"text-align: center;\"><strong>Autopark<\/strong><\/p>\n<hr \/>\n<p><img loading=\"lazy\" decoding=\"async\" class=\"wp-image-251 aligncenter\" src=\"http:\/\/www.agenturapomoci.cz\/wp-content\/uploads\/2019\/05\/IMG_20190506_1406261.jpg\" alt=\"\" width=\"285\" height=\"380\" srcset=\"https:\/\/www.agenturapomoci.cz\/wp-content\/uploads\/2019\/05\/IMG_20190506_1406261.jpg 3120w, https:\/\/www.agenturapomoci.cz\/wp-content\/uploads\/2019\/05\/IMG_20190506_1406261-225x300.jpg 225w, https:\/\/www.agenturapomoci.cz\/wp-content\/uploads\/2019\/05\/IMG_20190506_1406261-768x1024.jpg 768w\" sizes=\"auto, (max-width: 285px) 100vw, 285px\" \/><\/p>\n<hr \/>\n<p style=\"text-align: center;\"><strong>20 let od zalo\u017een\u00ed organizace<\/strong><\/p>\n<p style=\"text-align: center;\"><img loading=\"lazy\" decoding=\"async\" class=\"alignright size-full wp-image-371\" src=\"https:\/\/www.agenturapomoci.cz\/wp-content\/uploads\/2023\/01\/IMG20220908111020.jpg\" alt=\"\" width=\"1000\" height=\"564\" srcset=\"https:\/\/www.agenturapomoci.cz\/wp-content\/uploads\/2023\/01\/IMG20220908111020.jpg 1000w, https:\/\/www.agenturapomoci.cz\/wp-content\/uploads\/2023\/01\/IMG20220908111020-300x169.jpg 300w, https:\/\/www.agenturapomoci.cz\/wp-content\/uploads\/2023\/01\/IMG20220908111020-768x433.jpg 768w\" sizes=\"auto, (max-width: 1000px) 100vw, 1000px\" \/> <img loading=\"lazy\" decoding=\"async\" class=\"alignright size-full wp-image-373\" src=\"https:\/\/www.agenturapomoci.cz\/wp-content\/uploads\/2023\/01\/IMG_20220908_112026.jpg\" alt=\"\" width=\"748\" height=\"1000\" srcset=\"https:\/\/www.agenturapomoci.cz\/wp-content\/uploads\/2023\/01\/IMG_20220908_112026.jpg 748w, https:\/\/www.agenturapomoci.cz\/wp-content\/uploads\/2023\/01\/IMG_20220908_112026-224x300.jpg 224w\" sizes=\"auto, (max-width: 748px) 100vw, 748px\" \/><\/p>\n<p>&nbsp;<\/p>\n<p>&nbsp;<\/p>\n<p>&nbsp;<\/p>\n<p>&nbsp;<\/p>\n","protected":false},"excerpt":{"rendered":"<p>20 let organizace Pracovn\u00edci Agentury pomoci Autopark 20 let od zalo\u017een\u00ed organizace &nbsp; &nbsp; &nbsp; &nbsp;<\/p>\n","protected":false},"author":1,"featured_media":0,"parent":0,"menu_order":0,"comment_status":"closed","ping_status":"closed","template":"","meta":{"footnotes":""},"class_list":["post-68","page","type-page","status-publish","hentry","post-preview"],"_links":{"self":[{"href":"https:\/\/www.agenturapomoci.cz\/index.php?rest_route=\/wp\/v2\/pages\/68","targetHints":{"allow":["GET"]}}],"collection":[{"href":"https:\/\/www.agenturapomoci.cz\/index.php?rest_route=\/wp\/v2\/pages"}],"about":[{"href":"https:\/\/www.agenturapomoci.cz\/index.php?rest_route=\/wp\/v2\/types\/page"}],"author":[{"embeddable":true,"href":"https:\/\/www.agenturapomoci.cz\/index.php?rest_route=\/wp\/v2\/users\/1"}],"replies":[{"embeddable":true,"href":"https:\/\/www.agenturapomoci.cz\/index.php?rest_route=%2Fwp%2Fv2%2Fcomments&post=68"}],"version-history":[{"count":12,"href":"https:\/\/www.agenturapomoci.cz\/index.php?rest_route=\/wp\/v2\/pages\/68\/revisions"}],"predecessor-version":[{"id":395,"href":"https:\/\/www.agenturapomoci.cz\/index.php?rest_route=\/wp\/v2\/pages\/68\/revisions\/395"}],"wp:attachment":[{"href":"https:\/\/www.agenturapomoci.cz\/index.php?rest_route=%2Fwp%2Fv2%2Fmedia&parent=68"}],"curies":[{"name":"wp","href":"https:\/\/api.w.org\/{rel}","templated":true}]}}